{"id":296,"date":"2025-02-14T10:30:05","date_gmt":"2025-02-14T13:30:05","guid":{"rendered":"https:\/\/www.r-uso.com\/?post_type=product&#038;p=296"},"modified":"2025-07-01T09:26:01","modified_gmt":"2025-07-01T12:26:01","slug":"flejadora-manual-h-42","status":"publish","type":"product","link":"https:\/\/www.r-uso.com\/?product=flejadora-manual-h-42","title":{"rendered":"Flejadora Manual H-42 Importada"},"content":{"rendered":"<p>Su dise\u00f1o permite tensar y sellar con la misma herramienta. Recomendada para bultos peque\u00f1os, fr\u00e1giles o livianos.<\/p>\n<p>Es muy utilizada para el flejado de paqueter\u00eda con bajos vol\u00famenes de producci\u00f3n<\/p>\n<p>Datos T\u00e9cnicos:<\/p>\n<p>Medida de fleje (mm)<br \/>\n&#8211; 13 mm<\/p>\n<p>Tensi\u00f3n de flejado (kg)<br \/>\n&#8211; 2 &#8211; 50 kg<\/p>\n<p>Velocidad (promedio)<br \/>\n&#8211; 1 flejada\/min<\/p>\n<p>Peso (kg)<br \/>\n&#8211; 3 kg<\/p>\n","protected":false},"excerpt":{"rendered":"<p>La flejadora manual H-42 es apta para el sellado de flejes de polipropileno de uso manual con precinto de chapa PP.<\/p>\n","protected":false},"featured_media":281,"comment_status":"open","ping_status":"closed","template":"","meta":[],"product_brand":[],"product_cat":[32,22],"product_tag":[],"class_list":{"0":"post-296","1":"product","2":"type-product","3":"status-publish","4":"has-post-thumbnail","6":"product_cat-flejadora-manual","7":"product_cat-maquinaria-herramientas","9":"first","10":"instock","11":"taxable","12":"shipping-taxable","13":"product-type-simple"},"jetpack_sharing_enabled":true,"_links":{"self":[{"href":"https:\/\/www.r-uso.com\/index.php?rest_route=\/wp\/v2\/product\/296","targetHints":{"allow":["GET"]}}],"collection":[{"href":"https:\/\/www.r-uso.com\/index.php?rest_route=\/wp\/v2\/product"}],"about":[{"href":"https:\/\/www.r-uso.com\/index.php?rest_route=\/wp\/v2\/types\/product"}],"replies":[{"embeddable":true,"href":"https:\/\/www.r-uso.com\/index.php?rest_route=%2Fwp%2Fv2%2Fcomments&post=296"}],"wp:featuredmedia":[{"embeddable":true,"href":"https:\/\/www.r-uso.com\/index.php?rest_route=\/wp\/v2\/media\/281"}],"wp:attachment":[{"href":"https:\/\/www.r-uso.com\/index.php?rest_route=%2Fwp%2Fv2%2Fmedia&parent=296"}],"wp:term":[{"taxonomy":"product_brand","embeddable":true,"href":"https:\/\/www.r-uso.com\/index.php?rest_route=%2Fwp%2Fv2%2Fproduct_brand&post=296"},{"taxonomy":"product_cat","embeddable":true,"href":"https:\/\/www.r-uso.com\/index.php?rest_route=%2Fwp%2Fv2%2Fproduct_cat&post=296"},{"taxonomy":"product_tag","embeddable":true,"href":"https:\/\/www.r-uso.com\/index.php?rest_route=%2Fwp%2Fv2%2Fproduct_tag&post=296"}],"curies":[{"name":"wp","href":"https:\/\/api.w.org\/{rel}","templated":true}]}}