{"id":289,"date":"2025-02-14T10:08:23","date_gmt":"2025-02-14T13:08:23","guid":{"rendered":"https:\/\/www.r-uso.com\/?post_type=product&#038;p=289"},"modified":"2025-07-01T09:26:54","modified_gmt":"2025-07-01T12:26:54","slug":"tensor-h-23-importado","status":"publish","type":"product","link":"https:\/\/www.r-uso.com\/?product=tensor-h-23-importado","title":{"rendered":"Tensor H-23 Importado"},"content":{"rendered":"<p>Recomendado para bultos grandes, r\u00edgidos o pesados, se puede lograr una tensi\u00f3n de hasta 250 kg, seg\u00fan el fleje utilizado.<\/p>\n<p>Medida de fleje (mm)<br \/>\n12 mm \u2013 19 mm<\/p>\n<p>Tensi\u00f3n de flejado (kg)<br \/>\n50 \u2013 250 kg<\/p>\n<p>Velocidad (promedio)<br \/>\n1 flejada\/min<\/p>\n<p>Peso (kg)<br \/>\n1 kg<\/p>\n","protected":false},"excerpt":{"rendered":"<p>El tensor H-23 est\u00e1 dise\u00f1ado para el uso con flejes PET.<\/p>\n<p>Tiene dos alternativas de uso: Con hebillas de alambre cruzadas y Con sellos de chapa PET + Sellador H-36.<\/p>\n","protected":false},"featured_media":284,"comment_status":"open","ping_status":"closed","template":"","meta":[],"product_brand":[],"product_cat":[32,22],"product_tag":[],"class_list":{"0":"post-289","1":"product","2":"type-product","3":"status-publish","4":"has-post-thumbnail","6":"product_cat-flejadora-manual","7":"product_cat-maquinaria-herramientas","9":"first","10":"instock","11":"taxable","12":"shipping-taxable","13":"product-type-simple"},"jetpack_sharing_enabled":true,"_links":{"self":[{"href":"https:\/\/www.r-uso.com\/index.php?rest_route=\/wp\/v2\/product\/289","targetHints":{"allow":["GET"]}}],"collection":[{"href":"https:\/\/www.r-uso.com\/index.php?rest_route=\/wp\/v2\/product"}],"about":[{"href":"https:\/\/www.r-uso.com\/index.php?rest_route=\/wp\/v2\/types\/product"}],"replies":[{"embeddable":true,"href":"https:\/\/www.r-uso.com\/index.php?rest_route=%2Fwp%2Fv2%2Fcomments&post=289"}],"wp:featuredmedia":[{"embeddable":true,"href":"https:\/\/www.r-uso.com\/index.php?rest_route=\/wp\/v2\/media\/284"}],"wp:attachment":[{"href":"https:\/\/www.r-uso.com\/index.php?rest_route=%2Fwp%2Fv2%2Fmedia&parent=289"}],"wp:term":[{"taxonomy":"product_brand","embeddable":true,"href":"https:\/\/www.r-uso.com\/index.php?rest_route=%2Fwp%2Fv2%2Fproduct_brand&post=289"},{"taxonomy":"product_cat","embeddable":true,"href":"https:\/\/www.r-uso.com\/index.php?rest_route=%2Fwp%2Fv2%2Fproduct_cat&post=289"},{"taxonomy":"product_tag","embeddable":true,"href":"https:\/\/www.r-uso.com\/index.php?rest_route=%2Fwp%2Fv2%2Fproduct_tag&post=289"}],"curies":[{"name":"wp","href":"https:\/\/api.w.org\/{rel}","templated":true}]}}