{"id":277,"date":"2025-02-14T10:04:43","date_gmt":"2025-02-14T13:04:43","guid":{"rendered":"https:\/\/www.r-uso.com\/?post_type=product&#038;p=277"},"modified":"2025-07-01T09:27:14","modified_gmt":"2025-07-01T12:27:14","slug":"tensor-h-21-importado-maxima-calidad","status":"publish","type":"product","link":"https:\/\/www.r-uso.com\/?product=tensor-h-21-importado-maxima-calidad","title":{"rendered":"Tensor H-21 Importado (M\u00e1xima calidad)"},"content":{"rendered":"<p>Es recomendado para bultos grandes, r\u00edgidos o pesados. Se logra una tensi\u00f3n de hasta 250 kg, seg\u00fan el fleje utilizado.<\/p>\n<p>Muy utilizado para el flejado de pallets, cajones de maderas, etc.<\/p>\n<p>Datos t\u00e9cnicos:<\/p>\n<p>Medida de fleje (mm)<br \/>\n&#8211; 13 mm &#8211; 16 mm \u2013 19 mm<\/p>\n<p>Tensi\u00f3n de flejado (kg)<br \/>\n&#8211; 50 \u2013 250 kg<\/p>\n<p>Velocidad (promedio)<br \/>\n&#8211; 1 flejada\/min<\/p>\n<p>Peso (kg)<br \/>\n&#8211; 1 kg<\/p>\n","protected":false},"excerpt":{"rendered":"<p>El tensor H-21 es ideal para el flejado con flejes de polipropileno (PP) de uso manual con hebillas de alambre o sellos de chapa PP en conjunto con el sellador H-35.<\/p>\n","protected":false},"featured_media":285,"comment_status":"open","ping_status":"closed","template":"","meta":[],"product_brand":[],"product_cat":[32,22],"product_tag":[],"class_list":{"0":"post-277","1":"product","2":"type-product","3":"status-publish","4":"has-post-thumbnail","6":"product_cat-flejadora-manual","7":"product_cat-maquinaria-herramientas","9":"first","10":"instock","11":"taxable","12":"shipping-taxable","13":"product-type-simple"},"jetpack_sharing_enabled":true,"_links":{"self":[{"href":"https:\/\/www.r-uso.com\/index.php?rest_route=\/wp\/v2\/product\/277","targetHints":{"allow":["GET"]}}],"collection":[{"href":"https:\/\/www.r-uso.com\/index.php?rest_route=\/wp\/v2\/product"}],"about":[{"href":"https:\/\/www.r-uso.com\/index.php?rest_route=\/wp\/v2\/types\/product"}],"replies":[{"embeddable":true,"href":"https:\/\/www.r-uso.com\/index.php?rest_route=%2Fwp%2Fv2%2Fcomments&post=277"}],"wp:featuredmedia":[{"embeddable":true,"href":"https:\/\/www.r-uso.com\/index.php?rest_route=\/wp\/v2\/media\/285"}],"wp:attachment":[{"href":"https:\/\/www.r-uso.com\/index.php?rest_route=%2Fwp%2Fv2%2Fmedia&parent=277"}],"wp:term":[{"taxonomy":"product_brand","embeddable":true,"href":"https:\/\/www.r-uso.com\/index.php?rest_route=%2Fwp%2Fv2%2Fproduct_brand&post=277"},{"taxonomy":"product_cat","embeddable":true,"href":"https:\/\/www.r-uso.com\/index.php?rest_route=%2Fwp%2Fv2%2Fproduct_cat&post=277"},{"taxonomy":"product_tag","embeddable":true,"href":"https:\/\/www.r-uso.com\/index.php?rest_route=%2Fwp%2Fv2%2Fproduct_tag&post=277"}],"curies":[{"name":"wp","href":"https:\/\/api.w.org\/{rel}","templated":true}]}}