{"id":236,"date":"2025-02-06T11:27:27","date_gmt":"2025-02-06T14:27:27","guid":{"rendered":"https:\/\/www.r-uso.com\/?post_type=product&#038;p=236"},"modified":"2025-07-01T10:06:38","modified_gmt":"2025-07-01T13:06:38","slug":"precintos-de-chapa-x-20kg","status":"publish","type":"product","link":"https:\/\/www.r-uso.com\/?product=precintos-de-chapa-x-20kg","title":{"rendered":"Precintos de Chapa en bolsa de 20kg"},"content":{"rendered":"<p>Es recomendable para bultos peque\u00f1os, fr\u00e1giles o livianos, ya que no es necesaria una alta tensi\u00f3n para su correcto sellado. Es muy utilizado para el flejado de paqueter\u00eda con bajos vol\u00famenes de producci\u00f3n.<\/p>\n<p>Se proveen en superficie pintada o zincada.<\/p>\n<p>Recomendaciones de uso:<\/p>\n<p>Tensor H-21 + Sellador H-35 (ideal para pallets)<br \/>\nFlejadora combinada H-42 (ideal para cajas)<\/p>\n","protected":false},"excerpt":{"rendered":"<p>Precinto de chapa para el sellado de flejes de polipropileno de forma manual, en bolsa de 20kg. presentaciones:<\/p>\n<p>\u2013 13 mm<br \/>\n\u2014 Tensi\u00f3n admitida de 60kg<br \/>\n\u2014 4400 unidades por bolsa de 20kg<\/p>\n<p>\u2013 16mm<br \/>\n\u2014 Tensi\u00f3n admitida de 100Kg<br \/>\n\u2014 3600 unidades por bolsa de 20kg<\/p>\n","protected":false},"featured_media":237,"comment_status":"open","ping_status":"closed","template":"","meta":[],"product_brand":[],"product_cat":[19,26],"product_tag":[],"class_list":{"0":"post-236","1":"product","2":"type-product","3":"status-publish","4":"has-post-thumbnail","6":"product_cat-hebillas-sellos","7":"product_cat-para-fleje-pp","9":"first","10":"instock","11":"taxable","12":"shipping-taxable","13":"product-type-simple"},"jetpack_sharing_enabled":true,"_links":{"self":[{"href":"https:\/\/www.r-uso.com\/index.php?rest_route=\/wp\/v2\/product\/236","targetHints":{"allow":["GET"]}}],"collection":[{"href":"https:\/\/www.r-uso.com\/index.php?rest_route=\/wp\/v2\/product"}],"about":[{"href":"https:\/\/www.r-uso.com\/index.php?rest_route=\/wp\/v2\/types\/product"}],"replies":[{"embeddable":true,"href":"https:\/\/www.r-uso.com\/index.php?rest_route=%2Fwp%2Fv2%2Fcomments&post=236"}],"wp:featuredmedia":[{"embeddable":true,"href":"https:\/\/www.r-uso.com\/index.php?rest_route=\/wp\/v2\/media\/237"}],"wp:attachment":[{"href":"https:\/\/www.r-uso.com\/index.php?rest_route=%2Fwp%2Fv2%2Fmedia&parent=236"}],"wp:term":[{"taxonomy":"product_brand","embeddable":true,"href":"https:\/\/www.r-uso.com\/index.php?rest_route=%2Fwp%2Fv2%2Fproduct_brand&post=236"},{"taxonomy":"product_cat","embeddable":true,"href":"https:\/\/www.r-uso.com\/index.php?rest_route=%2Fwp%2Fv2%2Fproduct_cat&post=236"},{"taxonomy":"product_tag","embeddable":true,"href":"https:\/\/www.r-uso.com\/index.php?rest_route=%2Fwp%2Fv2%2Fproduct_tag&post=236"}],"curies":[{"name":"wp","href":"https:\/\/api.w.org\/{rel}","templated":true}]}}