{"id":187,"date":"2025-01-21T20:33:16","date_gmt":"2025-01-21T23:33:16","guid":{"rendered":"https:\/\/www.r-uso.com\/?post_type=product&#038;p=187"},"modified":"2025-07-01T10:09:08","modified_gmt":"2025-07-01T13:09:08","slug":"fleje-pet-x-20kg-aprox","status":"publish","type":"product","link":"https:\/\/www.r-uso.com\/?product=fleje-pet-x-20kg-aprox","title":{"rendered":"Fleje PET x 20Kg Aprox."},"content":{"rendered":"<p>El Fleje de PET se destaca por su alta resistencia mec\u00e1nica y baja elongaci\u00f3n, destacando su performance al sustituir a flejes de acero, ofreciendo un menor costo y seguridad de uso. Adem\u00e1s, es amigable con el medio ambiente, ya que se fabrica a partir de materiales reciclados.<\/p>\n<p>Su versatilidad lo hace adecuado para una amplia gama de aplicaciones, desde la sujeci\u00f3n de pallets en almacenes y transporte, hasta su uso en la industria de la construcci\u00f3n y el embalaje de productos.<\/p>\n<p>Recomendaciones de uso:<\/p>\n<p>Tensor H-23 + Sellador H-36 + Sellos PET<br \/>\nFlejadora H-45 \/ H-46 \/ FC-19 (Sin uso de sello)<\/p>\n","protected":false},"excerpt":{"rendered":"<p>Fleje De Poli\u00e9ster en rollo de 20kgs con las siguientes presentaciones:<\/p>\n<p>\u2013 12 mm x 0.70mm de espesor<br \/>\n\u2014 Con una resistencia de 360kg<br \/>\n\u2014 2000 metros de largo<\/p>\n<p>\u2013 16 mm x 0.75mm de espesor<br \/>\n\u2014 Con una resistencia de 500Kg<br \/>\n\u2014 1200 Metros de largo<\/p>\n<p>\u2013 19 mm x 1.00mm de espesor<br \/>\n\u2014 Con una resistencia de 800Kg<br \/>\n\u2014 800 Metros de largo<\/p>\n","protected":false},"featured_media":188,"comment_status":"open","ping_status":"closed","template":"","meta":[],"product_brand":[],"product_cat":[30,18],"product_tag":[],"class_list":{"0":"post-187","1":"product","2":"type-product","3":"status-publish","4":"has-post-thumbnail","6":"product_cat-fleje-de-pet","7":"product_cat-flejes","9":"first","10":"instock","11":"product-type-simple"},"jetpack_sharing_enabled":true,"_links":{"self":[{"href":"https:\/\/www.r-uso.com\/index.php?rest_route=\/wp\/v2\/product\/187","targetHints":{"allow":["GET"]}}],"collection":[{"href":"https:\/\/www.r-uso.com\/index.php?rest_route=\/wp\/v2\/product"}],"about":[{"href":"https:\/\/www.r-uso.com\/index.php?rest_route=\/wp\/v2\/types\/product"}],"replies":[{"embeddable":true,"href":"https:\/\/www.r-uso.com\/index.php?rest_route=%2Fwp%2Fv2%2Fcomments&post=187"}],"wp:featuredmedia":[{"embeddable":true,"href":"https:\/\/www.r-uso.com\/index.php?rest_route=\/wp\/v2\/media\/188"}],"wp:attachment":[{"href":"https:\/\/www.r-uso.com\/index.php?rest_route=%2Fwp%2Fv2%2Fmedia&parent=187"}],"wp:term":[{"taxonomy":"product_brand","embeddable":true,"href":"https:\/\/www.r-uso.com\/index.php?rest_route=%2Fwp%2Fv2%2Fproduct_brand&post=187"},{"taxonomy":"product_cat","embeddable":true,"href":"https:\/\/www.r-uso.com\/index.php?rest_route=%2Fwp%2Fv2%2Fproduct_cat&post=187"},{"taxonomy":"product_tag","embeddable":true,"href":"https:\/\/www.r-uso.com\/index.php?rest_route=%2Fwp%2Fv2%2Fproduct_tag&post=187"}],"curies":[{"name":"wp","href":"https:\/\/api.w.org\/{rel}","templated":true}]}}