{"id":179,"date":"2025-01-21T18:38:56","date_gmt":"2025-01-21T21:38:56","guid":{"rendered":"https:\/\/www.r-uso.com\/?post_type=product&#038;p=179"},"modified":"2025-07-01T10:09:34","modified_gmt":"2025-07-01T13:09:34","slug":"fleje-blanco-polipropileno-x10kg-aprox","status":"publish","type":"product","link":"https:\/\/www.r-uso.com\/?product=fleje-blanco-polipropileno-x10kg-aprox","title":{"rendered":"Fleje Blanco Polipropileno x10Kg Aprox."},"content":{"rendered":"<p>El fleje de polipropileno (PP), gracias a su bajo costo y facilidad de empleo, es una soluci\u00f3n ideal para embalajes industriales. Provee estabilidad y firmeza a todo tipo de carga. Se recomienda utilizarlos en palletizado con cargas de hasta 1000 Kg. Resistente a la humedad, as\u00ed como tambi\u00e9n a los rayos UV. Provee m\u00e1xima seguridad en el transporte. Est\u00e1n disponibles en una amplia gama de medidas y colores. Se presentan con o sin tubo interior de 200 o 406 mm.<\/p>\n<p>Las opciones de flejado son:<br \/>\n\u2013 Tensor H-21 + Hebilla de alambre.<br \/>\n\u2013 Flejadora H-42 + Sellos de chapa.<\/p>\n","protected":false},"excerpt":{"rendered":"<p>Fleje de Polipropileno de color blanco en rollo de 10Kg sin tubo interior con las siguientes presentaciones:<\/p>\n<p>\u2013 13 mm x 1.00mm de espesor<br \/>\n\u2014 Con una resistencia de 180kg<br \/>\n\u2014 1300 metros de largo<\/p>\n<p>\u2013 16mm x 1.00mm<br \/>\n\u2014 Con una resistencia de 280Kg<br \/>\n\u2014 1000 Metros de largo<\/p>\n<p>\u2013 19 mm x 1.00mm<br \/>\n\u2014 Con una resistencia de 350Kg<br \/>\n\u2014 800 Metros de largo<\/p>\n","protected":false},"featured_media":186,"comment_status":"open","ping_status":"closed","template":"","meta":[],"product_brand":[],"product_cat":[29,23,18],"product_tag":[],"class_list":{"0":"post-179","1":"product","2":"type-product","3":"status-publish","4":"has-post-thumbnail","6":"product_cat-fleje-de-polipropileno","7":"product_cat-fleje-pp-manual","8":"product_cat-flejes","10":"first","11":"instock","12":"taxable","13":"shipping-taxable","14":"product-type-simple"},"jetpack_sharing_enabled":true,"_links":{"self":[{"href":"https:\/\/www.r-uso.com\/index.php?rest_route=\/wp\/v2\/product\/179","targetHints":{"allow":["GET"]}}],"collection":[{"href":"https:\/\/www.r-uso.com\/index.php?rest_route=\/wp\/v2\/product"}],"about":[{"href":"https:\/\/www.r-uso.com\/index.php?rest_route=\/wp\/v2\/types\/product"}],"replies":[{"embeddable":true,"href":"https:\/\/www.r-uso.com\/index.php?rest_route=%2Fwp%2Fv2%2Fcomments&post=179"}],"wp:featuredmedia":[{"embeddable":true,"href":"https:\/\/www.r-uso.com\/index.php?rest_route=\/wp\/v2\/media\/186"}],"wp:attachment":[{"href":"https:\/\/www.r-uso.com\/index.php?rest_route=%2Fwp%2Fv2%2Fmedia&parent=179"}],"wp:term":[{"taxonomy":"product_brand","embeddable":true,"href":"https:\/\/www.r-uso.com\/index.php?rest_route=%2Fwp%2Fv2%2Fproduct_brand&post=179"},{"taxonomy":"product_cat","embeddable":true,"href":"https:\/\/www.r-uso.com\/index.php?rest_route=%2Fwp%2Fv2%2Fproduct_cat&post=179"},{"taxonomy":"product_tag","embeddable":true,"href":"https:\/\/www.r-uso.com\/index.php?rest_route=%2Fwp%2Fv2%2Fproduct_tag&post=179"}],"curies":[{"name":"wp","href":"https:\/\/api.w.org\/{rel}","templated":true}]}}