{"id":8,"date":"2025-01-14T17:04:47","date_gmt":"2025-01-14T17:04:47","guid":{"rendered":"https:\/\/www.r-uso.com\/?page_id=8"},"modified":"2025-02-15T20:19:03","modified_gmt":"2025-02-15T23:19:03","slug":"cart","status":"publish","type":"page","link":"https:\/\/www.r-uso.com\/?page_id=8","title":{"rendered":"Carrito"},"content":{"rendered":"<div data-block-name=\"woocommerce\/cart\" class=\"wp-block-woocommerce-cart alignwide is-loading\"><div data-block-name=\"woocommerce\/filled-cart-block\" class=\"wp-block-woocommerce-filled-cart-block\"><div data-block-name=\"woocommerce\/cart-items-block\" class=\"wp-block-woocommerce-cart-items-block\"><div data-block-name=\"woocommerce\/cart-line-items-block\" class=\"wp-block-woocommerce-cart-line-items-block\"><\/div>\n\n<div data-block-name=\"woocommerce\/cart-cross-sells-block\" class=\"wp-block-woocommerce-cart-cross-sells-block\"><h2 class=\"wp-block-heading has-large-font-size\">Puede que te interese\u2026<\/h2>\n\n<div data-block-name=\"woocommerce\/cart-cross-sells-products-block\" class=\"wp-block-woocommerce-cart-cross-sells-products-block\"><\/div><\/div>\n\n<p>Si tu carrito de compra suma al menos 50.000$ el env\u00edo ser\u00e1 gratuito! Recuerda que solo hacemos env\u00edos en el AMBA<\/p><\/div>\n\n<div data-block-name=\"woocommerce\/cart-totals-block\" class=\"wp-block-woocommerce-cart-totals-block\"><div data-block-name=\"woocommerce\/cart-order-summary-block\" class=\"wp-block-woocommerce-cart-order-summary-block\"><div data-block-name=\"woocommerce\/cart-order-summary-heading-block\" data-content=\"Totales del carrito\" class=\"wp-block-woocommerce-cart-order-summary-heading-block\"><\/div>\n\n<div data-block-name=\"woocommerce\/cart-order-summary-coupon-form-block\" class=\"wp-block-woocommerce-cart-order-summary-coupon-form-block\"><\/div>\n\n<div data-block-name=\"woocommerce\/cart-order-summary-totals-block\" class=\"wp-block-woocommerce-cart-order-summary-totals-block\"><div data-block-name=\"woocommerce\/cart-order-summary-subtotal-block\" class=\"wp-block-woocommerce-cart-order-summary-subtotal-block\"><\/div>\n\n<div data-block-name=\"woocommerce\/cart-order-summary-fee-block\" class=\"wp-block-woocommerce-cart-order-summary-fee-block\"><\/div>\n\n<div data-block-name=\"woocommerce\/cart-order-summary-discount-block\" class=\"wp-block-woocommerce-cart-order-summary-discount-block\"><\/div>\n\n<div data-block-name=\"woocommerce\/cart-order-summary-shipping-block\" class=\"wp-block-woocommerce-cart-order-summary-shipping-block\"><\/div>\n\n<div data-block-name=\"woocommerce\/cart-order-summary-taxes-block\" class=\"wp-block-woocommerce-cart-order-summary-taxes-block\"><\/div><\/div><\/div>\n\n<div data-block-name=\"woocommerce\/cart-express-payment-block\" class=\"wp-block-woocommerce-cart-express-payment-block\"><\/div>\n\n<div data-block-name=\"woocommerce\/proceed-to-checkout-block\" class=\"wp-block-woocommerce-proceed-to-checkout-block\"><\/div>\n\n<div data-block-name=\"woocommerce\/cart-accepted-payment-methods-block\" class=\"wp-block-woocommerce-cart-accepted-payment-methods-block\"><\/div><\/div><\/div>\n\n<div data-block-name=\"woocommerce\/empty-cart-block\" class=\"wp-block-woocommerce-empty-cart-block\"><h2 class=\"wp-block-heading has-text-align-center with-empty-cart-icon wc-block-cart__empty-cart__title\">Tu carrito est\u00e1 vac\u00edo!<\/h2>\n\n<hr class=\"wp-block-separator has-alpha-channel-opacity is-style-dots\"\/>\n\n<h2 class=\"wp-block-heading has-text-align-center\">Nuevo en la Tienda<\/h2>\n\n<div data-block-name=\"woocommerce\/product-new\" data-columns=\"4\" data-rows=\"1\" class=\"wc-block-grid wp-block-product-new wp-block-woocommerce-product-new wc-block-product-new has-4-columns\"><ul class=\"wc-block-grid__products\"><li class=\"wc-block-grid__product\">\n\t\t\t\t<a href=\"https:\/\/www.r-uso.com\/?product=sellador-precintos-h-35-13mm\" class=\"wc-block-grid__product-link\">\n\t\t\t\t\t\n\t\t\t\t\t<div class=\"wc-block-grid__product-image\"><img loading=\"lazy\" decoding=\"async\" width=\"300\" height=\"300\" src=\"https:\/\/www.r-uso.com\/wp-content\/uploads\/2025\/02\/h35-300x300.png\" class=\"attachment-woocommerce_thumbnail size-woocommerce_thumbnail\" alt=\"Sellador para precintos de 13mm H-35\" srcset=\"https:\/\/www.r-uso.com\/wp-content\/uploads\/2025\/02\/h35-300x300.png 300w, https:\/\/www.r-uso.com\/wp-content\/uploads\/2025\/02\/h35-1024x1024.png 1024w, https:\/\/www.r-uso.com\/wp-content\/uploads\/2025\/02\/h35-150x150.png 150w, https:\/\/www.r-uso.com\/wp-content\/uploads\/2025\/02\/h35-768x768.png 768w, https:\/\/www.r-uso.com\/wp-content\/uploads\/2025\/02\/h35-600x600.png 600w, https:\/\/www.r-uso.com\/wp-content\/uploads\/2025\/02\/h35-100x100.png 100w, https:\/\/www.r-uso.com\/wp-content\/uploads\/2025\/02\/h35.png 1200w\" sizes=\"auto, (max-width: 300px) 100vw, 300px\" \/><\/div>\n\t\t\t\t\t<div class=\"wc-block-grid__product-title\">Sellador Precintos H-35 (13mm)<\/div>\n\t\t\t\t<\/a>\n\t\t\t\t<div class=\"wc-block-grid__product-price price\"><\/div>\n\t\t\t\t\n\t\t\t\t<div class=\"wp-block-button wc-block-grid__product-add-to-cart\"><a href=\"https:\/\/www.r-uso.com\/?product=sellador-precintos-h-35-13mm\" aria-label=\"Lee m\u00e1s sobre &ldquo;Sellador Precintos H-35 (13mm)&rdquo;\" data-quantity=\"1\" data-product_id=\"298\" data-product_sku=\"\" data-price=\"0\" rel=\"nofollow\" class=\"wp-block-button__link  add_to_cart_button\">Leer m\u00e1s<\/a><\/div>\n\t\t\t<\/li><li class=\"wc-block-grid__product\">\n\t\t\t\t<a href=\"https:\/\/www.r-uso.com\/?product=flejadora-manual-h-42\" class=\"wc-block-grid__product-link\">\n\t\t\t\t\t\n\t\t\t\t\t<div class=\"wc-block-grid__product-image\"><img loading=\"lazy\" decoding=\"async\" width=\"300\" height=\"300\" src=\"https:\/\/www.r-uso.com\/wp-content\/uploads\/2025\/02\/h42-300x300.png\" class=\"attachment-woocommerce_thumbnail size-woocommerce_thumbnail\" alt=\"Flejadora Manual H-42\" srcset=\"https:\/\/www.r-uso.com\/wp-content\/uploads\/2025\/02\/h42-300x300.png 300w, https:\/\/www.r-uso.com\/wp-content\/uploads\/2025\/02\/h42-1024x1024.png 1024w, https:\/\/www.r-uso.com\/wp-content\/uploads\/2025\/02\/h42-150x150.png 150w, https:\/\/www.r-uso.com\/wp-content\/uploads\/2025\/02\/h42-768x768.png 768w, https:\/\/www.r-uso.com\/wp-content\/uploads\/2025\/02\/h42-600x600.png 600w, https:\/\/www.r-uso.com\/wp-content\/uploads\/2025\/02\/h42-100x100.png 100w, https:\/\/www.r-uso.com\/wp-content\/uploads\/2025\/02\/h42.png 1200w\" sizes=\"auto, (max-width: 300px) 100vw, 300px\" \/><\/div>\n\t\t\t\t\t<div class=\"wc-block-grid__product-title\">Flejadora Manual H-42 Importada<\/div>\n\t\t\t\t<\/a>\n\t\t\t\t<div class=\"wc-block-grid__product-price price\"><\/div>\n\t\t\t\t\n\t\t\t\t<div class=\"wp-block-button wc-block-grid__product-add-to-cart\"><a href=\"https:\/\/www.r-uso.com\/?product=flejadora-manual-h-42\" aria-label=\"Lee m\u00e1s sobre &ldquo;Flejadora Manual H-42 Importada&rdquo;\" data-quantity=\"1\" data-product_id=\"296\" data-product_sku=\"\" data-price=\"0\" rel=\"nofollow\" class=\"wp-block-button__link  add_to_cart_button\">Leer m\u00e1s<\/a><\/div>\n\t\t\t<\/li><li class=\"wc-block-grid__product\">\n\t\t\t\t<a href=\"https:\/\/www.r-uso.com\/?product=flejadora-mr-19-neumatica-importada\" class=\"wc-block-grid__product-link\">\n\t\t\t\t\t\n\t\t\t\t\t<div class=\"wc-block-grid__product-image\"><img loading=\"lazy\" decoding=\"async\" width=\"300\" height=\"300\" src=\"https:\/\/www.r-uso.com\/wp-content\/uploads\/2025\/02\/Mr19-300x300.png\" class=\"attachment-woocommerce_thumbnail size-woocommerce_thumbnail\" alt=\"Flejadora neum\u00e1tica MR-19\" srcset=\"https:\/\/www.r-uso.com\/wp-content\/uploads\/2025\/02\/Mr19-300x300.png 300w, https:\/\/www.r-uso.com\/wp-content\/uploads\/2025\/02\/Mr19-1024x1024.png 1024w, https:\/\/www.r-uso.com\/wp-content\/uploads\/2025\/02\/Mr19-150x150.png 150w, https:\/\/www.r-uso.com\/wp-content\/uploads\/2025\/02\/Mr19-768x768.png 768w, https:\/\/www.r-uso.com\/wp-content\/uploads\/2025\/02\/Mr19-600x600.png 600w, https:\/\/www.r-uso.com\/wp-content\/uploads\/2025\/02\/Mr19-100x100.png 100w, https:\/\/www.r-uso.com\/wp-content\/uploads\/2025\/02\/Mr19.png 1200w\" sizes=\"auto, (max-width: 300px) 100vw, 300px\" \/><\/div>\n\t\t\t\t\t<div class=\"wc-block-grid__product-title\">Flejadora MR-19 Neum\u00e1tica Importada<\/div>\n\t\t\t\t<\/a>\n\t\t\t\t<div class=\"wc-block-grid__product-price price\"><\/div>\n\t\t\t\t\n\t\t\t\t<div class=\"wp-block-button wc-block-grid__product-add-to-cart\"><a href=\"https:\/\/www.r-uso.com\/?product=flejadora-mr-19-neumatica-importada\" aria-label=\"Lee m\u00e1s sobre &ldquo;Flejadora MR-19 Neum\u00e1tica Importada&rdquo;\" data-quantity=\"1\" data-product_id=\"293\" data-product_sku=\"\" data-price=\"0\" rel=\"nofollow\" class=\"wp-block-button__link  add_to_cart_button\">Leer m\u00e1s<\/a><\/div>\n\t\t\t<\/li><li class=\"wc-block-grid__product\">\n\t\t\t\t<a href=\"https:\/\/www.r-uso.com\/?product=tensor-fc-19-neumatico-importado\" class=\"wc-block-grid__product-link\">\n\t\t\t\t\t\n\t\t\t\t\t<div class=\"wc-block-grid__product-image\"><img loading=\"lazy\" decoding=\"async\" width=\"300\" height=\"300\" src=\"https:\/\/www.r-uso.com\/wp-content\/uploads\/2025\/02\/FC-19-300x300.png\" class=\"attachment-woocommerce_thumbnail size-woocommerce_thumbnail\" alt=\"FC-19 Flejadora Neum\u00e1tica para flejes de prolipropileno y PET\" srcset=\"https:\/\/www.r-uso.com\/wp-content\/uploads\/2025\/02\/FC-19-300x300.png 300w, https:\/\/www.r-uso.com\/wp-content\/uploads\/2025\/02\/FC-19-1024x1024.png 1024w, https:\/\/www.r-uso.com\/wp-content\/uploads\/2025\/02\/FC-19-150x150.png 150w, https:\/\/www.r-uso.com\/wp-content\/uploads\/2025\/02\/FC-19-768x768.png 768w, https:\/\/www.r-uso.com\/wp-content\/uploads\/2025\/02\/FC-19-600x600.png 600w, https:\/\/www.r-uso.com\/wp-content\/uploads\/2025\/02\/FC-19-100x100.png 100w, https:\/\/www.r-uso.com\/wp-content\/uploads\/2025\/02\/FC-19.png 1200w\" sizes=\"auto, (max-width: 300px) 100vw, 300px\" \/><\/div>\n\t\t\t\t\t<div class=\"wc-block-grid__product-title\">Flejadora Neum\u00e1tica FC-19 Importada<\/div>\n\t\t\t\t<\/a>\n\t\t\t\t<div class=\"wc-block-grid__product-price price\"><\/div>\n\t\t\t\t\n\t\t\t\t<div class=\"wp-block-button wc-block-grid__product-add-to-cart\"><a href=\"https:\/\/www.r-uso.com\/?product=tensor-fc-19-neumatico-importado\" aria-label=\"Lee m\u00e1s sobre &ldquo;Flejadora Neum\u00e1tica FC-19 Importada&rdquo;\" data-quantity=\"1\" data-product_id=\"290\" data-product_sku=\"\" data-price=\"0\" rel=\"nofollow\" class=\"wp-block-button__link  add_to_cart_button\">Leer m\u00e1s<\/a><\/div>\n\t\t\t<\/li><\/ul><\/div><\/div><\/div><p><\/p>","protected":false},"excerpt":{"rendered":"","protected":false},"author":1,"featured_media":0,"parent":0,"menu_order":0,"comment_status":"closed","ping_status":"closed","template":"","meta":{"footnotes":""},"class_list":["post-8","page","type-page","status-publish","hentry"],"blocksy_meta":[],"jetpack_sharing_enabled":true,"_links":{"self":[{"href":"https:\/\/www.r-uso.com\/index.php?rest_route=\/wp\/v2\/pages\/8","targetHints":{"allow":["GET"]}}],"collection":[{"href":"https:\/\/www.r-uso.com\/index.php?rest_route=\/wp\/v2\/pages"}],"about":[{"href":"https:\/\/www.r-uso.com\/index.php?rest_route=\/wp\/v2\/types\/page"}],"author":[{"embeddable":true,"href":"https:\/\/www.r-uso.com\/index.php?rest_route=\/wp\/v2\/users\/1"}],"replies":[{"embeddable":true,"href":"https:\/\/www.r-uso.com\/index.php?rest_route=%2Fwp%2Fv2%2Fcomments&post=8"}],"version-history":[{"count":5,"href":"https:\/\/www.r-uso.com\/index.php?rest_route=\/wp\/v2\/pages\/8\/revisions"}],"predecessor-version":[{"id":311,"href":"https:\/\/www.r-uso.com\/index.php?rest_route=\/wp\/v2\/pages\/8\/revisions\/311"}],"wp:attachment":[{"href":"https:\/\/www.r-uso.com\/index.php?rest_route=%2Fwp%2Fv2%2Fmedia&parent=8"}],"curies":[{"name":"wp","href":"https:\/\/api.w.org\/{rel}","templated":true}]}}