{"id":103,"date":"2025-01-14T20:26:15","date_gmt":"2025-01-14T23:26:15","guid":{"rendered":"https:\/\/www.r-uso.com\/?page_id=103"},"modified":"2025-02-21T17:57:19","modified_gmt":"2025-02-21T20:57:19","slug":"nosotros","status":"publish","type":"page","link":"https:\/\/www.r-uso.com\/?page_id=103","title":{"rendered":"Nosotros"},"content":{"rendered":"<p><\/p><div class=\"wp-block-stackable-columns alignwide stk-block-columns stk-block stk-08ba77d\" data-block-id=\"08ba77d\"><style>.stk-08ba77d-column{--stk-column-gap:48px !important;}<\/style><div class=\"stk-row stk-inner-blocks stk-block-content stk-content-align stk-08ba77d-column alignwide\"><div class=\"wp-block-stackable-column stk-block-column stk-column stk-block stk-89fb72e\" data-v=\"4\" data-block-id=\"89fb72e\"><style>.stk-89fb72e-inner-blocks{justify-content:center !important;}.stk-89fb72e-container{display:flex !important;}<\/style><div class=\"stk-column-wrapper stk-block-column__content stk-container stk-89fb72e-container stk--no-background stk--no-padding\"><div class=\"stk-block-content stk-inner-blocks stk-89fb72e-inner-blocks\"><div class=\"wp-block-stackable-heading stk-block-heading stk-block-heading--v2 stk-block stk-6ea5531\" id=\"nosotros\" data-block-id=\"6ea5531\"><h2 class=\"stk-block-heading__text\">Nosotros<\/h2><\/div>\n\n<div class=\"wp-block-stackable-subtitle stk-block-subtitle stk-block stk-5456eb1\" data-block-id=\"5456eb1\"><style>.stk-5456eb1 {margin-bottom:8px !important;}<\/style><p class=\"stk-block-subtitle__text stk-subtitle\">En el coraz\u00f3n de Ca\u00f1uelas, Buenos Aires, nace <strong>R-uso<\/strong>, una empresa joven, humilde y comprometida con la calidad y el servicio. Somos un equipo de apasionados por el embalaje, dedicados a fabricar productos que garantizan seguridad, resistencia y eficiencia en cada env\u00edo. En R-uso, creemos que los peque\u00f1os detalles marcan la diferencia, y por eso nos esforzamos d\u00eda a d\u00eda para ofrecer soluciones confiables a nuestros clientes.<br>Nuestra historia comienza con un sue\u00f1o: contribuir al crecimiento de las empresas de la regi\u00f3n y m\u00e1s all\u00e1, proporcionando art\u00edculos de embalaje que cumplan con los m\u00e1s altos est\u00e1ndares de calidad.<br><br>Especializados en la fabricaci\u00f3n de <strong>flejes<\/strong>, <strong>hebillas<\/strong>, <strong>sellos<\/strong> y <strong>precintos<\/strong>, nos hemos convertido en un aliado estrat\u00e9gico para quienes buscan proteger sus mercanc\u00edas y optimizar sus procesos log\u00edsticos.<br>Somos una empresa que escucha, que aprende y que crece junto a quienes conf\u00edan en nosotros.<br>Nuestro enfoque es simple pero poderoso: ofrecer productos de calidad a precios accesibles, con un trato cercano y personalizado. Sabemos que cada cliente es \u00fanico, y por eso nos adaptamos a sus necesidades, brindando asesoramiento especializado y soluciones a medida.<br><br>En nuestra p\u00e1gina web, <a href=\"http:\/\/www.r-uso.com\" target=\"_blank\" rel=\"noreferrer noopener\">www.r-uso.com<\/a>, encontrar\u00e1s todo lo que necesitas para conocer m\u00e1s sobre nuestros productos y servicios. Estamos aqu\u00ed para ayudarte a encontrar las mejores opciones para tus necesidades de embalaje, ya sea que seas una peque\u00f1a empresa local o una gran compa\u00f1\u00eda con proyecci\u00f3n internacional.<br><br>En R-uso, no solo fabricamos productos; construimos relaciones basadas en la confianza y el respeto. Te invitamos a ser parte de nuestra historia y a descubrir c\u00f3mo podemos ayudarte a llevar tu negocio al siguiente nivel.<\/p><\/div><\/div><\/div><\/div>\n\n<div class=\"wp-block-stackable-column stk-block-column stk-column stk-block stk-d7f6e52\" data-v=\"4\" data-block-id=\"d7f6e52\"><div class=\"stk-column-wrapper stk-block-column__content stk-container stk-d7f6e52-container stk--no-background stk--no-padding\"><div class=\"stk-block-content stk-inner-blocks stk-d7f6e52-inner-blocks\"><div class=\"wp-block-stackable-columns stk-block-columns stk-block stk-9b3ba30\" data-block-id=\"9b3ba30\"><style>.stk-9b3ba30-column{--stk-column-gap:24px !important;}<\/style><div class=\"stk-row stk-inner-blocks stk-block-content stk-content-align stk-9b3ba30-column\"><div class=\"wp-block-stackable-column stk-block-column stk-column stk-block stk-ecd1412\" data-v=\"4\" data-block-id=\"ecd1412\"><style>.stk-ecd1412-container{margin-top:0px !important;margin-right:0px !important;margin-bottom:0px !important;margin-left:0px !important;}<\/style><div class=\"stk-column-wrapper stk-block-column__content stk-container stk-ecd1412-container stk--no-background stk--no-padding\"><div class=\"stk-block-content stk-inner-blocks stk-ecd1412-inner-blocks\"><div class=\"wp-block-stackable-team-member stk-block-team-member stk-block stk-bc8e2ab is-style-default\" data-v=\"2\" data-block-id=\"bc8e2ab\"><div class=\"stk-block-team-member__content stk-content-align stk-bc8e2ab-column stk-container stk-bc8e2ab-container stk--no-background stk--no-padding\"><div class=\"stk-block-content stk-inner-blocks has-text-align-center stk-bc8e2ab-inner-blocks\"><div class=\"wp-block-stackable-image stk-block-image stk-block stk-1406a43\" data-block-id=\"1406a43\"><style>.stk-1406a43 .stk-img-wrapper{width:100% !important;height:300px !important;}<\/style><figure><span class=\"stk-img-wrapper stk-image--shape-stretch\"><img loading=\"lazy\" decoding=\"async\" class=\"stk-img wp-image-367\" src=\"https:\/\/www.r-uso.com\/wp-content\/uploads\/2025\/02\/1-1.png\" width=\"350\" height=\"300\" srcset=\"https:\/\/www.r-uso.com\/wp-content\/uploads\/2025\/02\/1-1.png 350w, https:\/\/www.r-uso.com\/wp-content\/uploads\/2025\/02\/1-1-300x257.png 300w\" sizes=\"auto, (max-width: 350px) 100vw, 350px\" \/><\/span><\/figure><\/div><\/div><\/div><\/div><\/div><\/div><\/div>\n\n<div class=\"wp-block-stackable-column stk-block-column stk-column stk-block stk-92f6467\" data-v=\"4\" data-block-id=\"92f6467\"><style>.stk-92f6467-container{margin-top:0px !important;margin-right:0px !important;margin-bottom:0px !important;margin-left:0px !important;}<\/style><div class=\"stk-column-wrapper stk-block-column__content stk-container stk-92f6467-container stk--no-background stk--no-padding\"><div class=\"stk-block-content stk-inner-blocks stk-92f6467-inner-blocks\"><div class=\"wp-block-stackable-team-member stk-block-team-member stk-block stk-9444819 is-style-default\" data-v=\"2\" data-block-id=\"9444819\"><div class=\"stk-block-team-member__content stk-content-align stk-9444819-column stk-container stk-9444819-container stk--no-background stk--no-padding\"><div class=\"stk-block-content stk-inner-blocks has-text-align-center stk-9444819-inner-blocks\"><div class=\"wp-block-stackable-image stk-block-image stk-block stk-09e8d3a\" data-block-id=\"09e8d3a\"><style>.stk-09e8d3a .stk-img-wrapper{width:100% !important;height:300px !important;}<\/style><figure><span class=\"stk-img-wrapper stk-image--shape-stretch\"><img loading=\"lazy\" decoding=\"async\" class=\"stk-img wp-image-368\" src=\"https:\/\/www.r-uso.com\/wp-content\/uploads\/2025\/02\/2-1.png\" width=\"350\" height=\"300\" srcset=\"https:\/\/www.r-uso.com\/wp-content\/uploads\/2025\/02\/2-1.png 350w, https:\/\/www.r-uso.com\/wp-content\/uploads\/2025\/02\/2-1-300x257.png 300w\" sizes=\"auto, (max-width: 350px) 100vw, 350px\" \/><\/span><\/figure><\/div><\/div><\/div><\/div><\/div><\/div><\/div><\/div><\/div>\n\n<div class=\"wp-block-stackable-columns stk-block-columns stk-block stk-d3a5d4c\" data-block-id=\"d3a5d4c\"><style>.stk-d3a5d4c-column{--stk-column-gap:24px !important;}<\/style><div class=\"stk-row stk-inner-blocks stk-block-content stk-content-align stk-d3a5d4c-column\"><div class=\"wp-block-stackable-column stk-block-column stk-column stk-block stk-66e16d3\" data-v=\"4\" data-block-id=\"66e16d3\"><style>.stk-66e16d3-container{margin-top:0px !important;margin-right:0px !important;margin-bottom:0px !important;margin-left:0px !important;}<\/style><div class=\"stk-column-wrapper stk-block-column__content stk-container stk-66e16d3-container stk--no-background stk--no-padding\"><div class=\"stk-block-content stk-inner-blocks stk-66e16d3-inner-blocks\"><div class=\"wp-block-stackable-team-member stk-block-team-member stk-block stk-039fd16 is-style-default\" data-v=\"2\" data-block-id=\"039fd16\"><div class=\"stk-block-team-member__content stk-content-align stk-039fd16-column stk-container stk-039fd16-container stk--no-background stk--no-padding\"><div class=\"stk-block-content stk-inner-blocks has-text-align-center stk-039fd16-inner-blocks\"><div class=\"wp-block-stackable-image stk-block-image stk-block stk-92ef0bb\" data-block-id=\"92ef0bb\"><style>.stk-92ef0bb .stk-img-wrapper{width:100% !important;height:300px !important;}<\/style><figure><span class=\"stk-img-wrapper stk-image--shape-stretch\"><img loading=\"lazy\" decoding=\"async\" class=\"stk-img wp-image-369\" src=\"https:\/\/www.r-uso.com\/wp-content\/uploads\/2025\/02\/3-1.png\" width=\"350\" height=\"300\" srcset=\"https:\/\/www.r-uso.com\/wp-content\/uploads\/2025\/02\/3-1.png 350w, https:\/\/www.r-uso.com\/wp-content\/uploads\/2025\/02\/3-1-300x257.png 300w\" sizes=\"auto, (max-width: 350px) 100vw, 350px\" \/><\/span><\/figure><\/div><\/div><\/div><\/div><\/div><\/div><\/div>\n\n<div class=\"wp-block-stackable-column stk-block-column stk-column stk-block stk-16e16a3\" data-v=\"4\" data-block-id=\"16e16a3\"><style>.stk-16e16a3-container{margin-top:0px !important;margin-right:0px !important;margin-bottom:0px !important;margin-left:0px !important;}<\/style><div class=\"stk-column-wrapper stk-block-column__content stk-container stk-16e16a3-container stk--no-background stk--no-padding\"><div class=\"stk-block-content stk-inner-blocks stk-16e16a3-inner-blocks\"><div class=\"wp-block-stackable-team-member stk-block-team-member stk-block stk-fe4adbe is-style-default\" data-v=\"2\" data-block-id=\"fe4adbe\"><div class=\"stk-block-team-member__content stk-content-align stk-fe4adbe-column stk-container stk-fe4adbe-container stk--no-background stk--no-padding\"><div class=\"stk-block-content stk-inner-blocks has-text-align-center stk-fe4adbe-inner-blocks\"><div class=\"wp-block-stackable-image stk-block-image stk-block stk-44f2f89\" data-block-id=\"44f2f89\"><style>.stk-44f2f89 .stk-img-wrapper{width:100% !important;height:300px !important;}<\/style><figure><span class=\"stk-img-wrapper stk-image--shape-stretch\"><img loading=\"lazy\" decoding=\"async\" class=\"stk-img wp-image-370\" src=\"https:\/\/www.r-uso.com\/wp-content\/uploads\/2025\/02\/4-1.png\" width=\"350\" height=\"300\" srcset=\"https:\/\/www.r-uso.com\/wp-content\/uploads\/2025\/02\/4-1.png 350w, https:\/\/www.r-uso.com\/wp-content\/uploads\/2025\/02\/4-1-300x257.png 300w\" sizes=\"auto, (max-width: 350px) 100vw, 350px\" \/><\/span><\/figure><\/div><\/div><\/div><\/div><\/div><\/div><\/div><\/div><\/div><\/div><\/div><\/div><\/div><\/div>","protected":false},"excerpt":{"rendered":"<p>Nosotros En el coraz\u00f3n de Ca\u00f1uelas, Buenos Aires, nace R-uso, una empresa joven, humilde y comprometida con la calidad y el servicio. Somos un equipo de apasionados por el embalaje, dedicados a fabricar productos que garantizan seguridad, resistencia y eficiencia en cada env\u00edo. En R-uso, creemos que los peque\u00f1os detalles marcan la diferencia, y por [&hellip;]<\/p>\n","protected":false},"author":1,"featured_media":0,"parent":0,"menu_order":0,"comment_status":"closed","ping_status":"closed","template":"","meta":{"footnotes":""},"class_list":["post-103","page","type-page","status-publish","hentry"],"blocksy_meta":[],"jetpack_sharing_enabled":true,"_links":{"self":[{"href":"https:\/\/www.r-uso.com\/index.php?rest_route=\/wp\/v2\/pages\/103","targetHints":{"allow":["GET"]}}],"collection":[{"href":"https:\/\/www.r-uso.com\/index.php?rest_route=\/wp\/v2\/pages"}],"about":[{"href":"https:\/\/www.r-uso.com\/index.php?rest_route=\/wp\/v2\/types\/page"}],"author":[{"embeddable":true,"href":"https:\/\/www.r-uso.com\/index.php?rest_route=\/wp\/v2\/users\/1"}],"replies":[{"embeddable":true,"href":"https:\/\/www.r-uso.com\/index.php?rest_route=%2Fwp%2Fv2%2Fcomments&post=103"}],"version-history":[{"count":3,"href":"https:\/\/www.r-uso.com\/index.php?rest_route=\/wp\/v2\/pages\/103\/revisions"}],"predecessor-version":[{"id":371,"href":"https:\/\/www.r-uso.com\/index.php?rest_route=\/wp\/v2\/pages\/103\/revisions\/371"}],"wp:attachment":[{"href":"https:\/\/www.r-uso.com\/index.php?rest_route=%2Fwp%2Fv2%2Fmedia&parent=103"}],"curies":[{"name":"wp","href":"https:\/\/api.w.org\/{rel}","templated":true}]}}